{"id":858,"date":"2016-07-18T11:23:22","date_gmt":"2016-07-18T09:23:22","guid":{"rendered":"http:\/\/www.urig-naturig.com\/it\/veronika-trojer\/"},"modified":"2016-07-29T14:29:17","modified_gmt":"2016-07-29T12:29:17","slug":"veronika-trojer-guida-naturalistica-dolomiti","status":"publish","type":"page","link":"https:\/\/www.urig-naturig.com\/it\/veronika-trojer-guida-naturalistica-dolomiti\/","title":{"rendered":"Chi sono"},"content":{"rendered":"<h1>Ciao, che bello che ci sei.<\/h1>\n<h3>Non scriver\u00f2 di tutte le esperienze che hanno arricchito la mia vita finora.<\/h3>\n<blockquote><p>Ti parler\u00f2 semplicemente di ci\u00f2 che conta davvero in questo momento\u2026<\/p><\/blockquote>\n<p>Una mattina, al risveglio in un maso altoatesino, \u00e8 scattata la scintilla dell\u2019amore per la natura. Per moltissimi anni ho fatto l\u2019insegnante e mi sono occupata di bambini e ragazzi a scuola. Le mie materie preferite erano quelle creative e inoltre amavo le gite scolastiche in mezzo alla natura. I miei meravigliosi figli, ormai adulti, vivono a loro volta la passione per la natura vera e pura.<\/p>\n<p><strong>&#8220;Accompagnare le persone nel mondo vero e autentico delle montagne con tutte le bellezze straordinarie in ogni dove e trasmettere loro l\u2019incredibile valore della natura \u00e8 per me un incarico da prendere sul serio.\u201d Provare, sentire, sperimentare passo dopo passo tutto ci\u00f2 che vive, cresce, fiorisce e profuma attorno a noi &#8211; avvolto in un sublime silenzio.<\/strong><\/p>\n<p>Insieme possiamo conoscere e apprezzare i doni di madre natura. Inoltre puoi vedere come si possono usare le erbe aromatiche in cucina, come possono essere utilizzate ed elaborate per ottenere tisane, tinture, oleoliti e pomate. Riconoscere gli alberi in montagna e riscoprire la vera dendrologia ormai dimenticata. Osservare gli animali selvatici nel bosco e sulle montagne, sapere qualcosa sul loro modo di vivere, sentire i loro suoni e le loro voci, imparare a leggere le loro tracce. Anche le rocce hanno un\u2019autentica e personalissima storia.<\/p>\n<p>Le esperienze vissute durante le mie innumerevoli passeggiate nel mezzo della natura hanno sensibilizzato tutti i miei sensi e soprattutto hanno aperto il mio cuore.<\/p>\n<h3>La natura \u00e8 la mia gioia e fare la guida naturalistica e del paesaggio la mia passione.<\/h3>\n<hr class=\"thick\"\/>\n<p><em>Veronika Trojer<\/em><\/p>\n<p><img loading=\"lazy\" decoding=\"async\" class=\"alignnone wp-image-721 size-full\" src=\"https:\/\/www.urig-naturig.com\/wp-content\/uploads\/2016\/06\/vt.png\" width=\"180\" height=\"65\" \/><\/p>\n<p>Guida naturalistica e del paesaggio professionale<\/p>\n","protected":false},"excerpt":{"rendered":"<p>Ciao, che bello che ci sei. Non scriver\u00f2 di tutte le esperienze che hanno arricchito la mia vita finora. Ti parler\u00f2 semplicemente di ci\u00f2 che conta davvero in questo momento\u2026 Una mattina, al risveglio in un maso altoatesino, \u00e8 scattata [&hellip;]<\/p>\n","protected":false},"author":1,"featured_media":663,"parent":0,"menu_order":0,"comment_status":"closed","ping_status":"closed","template":"page_r.php","meta":{"footnotes":""},"class_list":["post-858","page","type-page","status-publish","has-post-thumbnail","hentry"],"aioseo_notices":[],"_links":{"self":[{"href":"https:\/\/www.urig-naturig.com\/it\/wp-json\/wp\/v2\/pages\/858","targetHints":{"allow":["GET"]}}],"collection":[{"href":"https:\/\/www.urig-naturig.com\/it\/wp-json\/wp\/v2\/pages"}],"about":[{"href":"https:\/\/www.urig-naturig.com\/it\/wp-json\/wp\/v2\/types\/page"}],"author":[{"embeddable":true,"href":"https:\/\/www.urig-naturig.com\/it\/wp-json\/wp\/v2\/users\/1"}],"replies":[{"embeddable":true,"href":"https:\/\/www.urig-naturig.com\/it\/wp-json\/wp\/v2\/comments?post=858"}],"version-history":[{"count":5,"href":"https:\/\/www.urig-naturig.com\/it\/wp-json\/wp\/v2\/pages\/858\/revisions"}],"predecessor-version":[{"id":863,"href":"https:\/\/www.urig-naturig.com\/it\/wp-json\/wp\/v2\/pages\/858\/revisions\/863"}],"wp:featuredmedia":[{"embeddable":true,"href":"https:\/\/www.urig-naturig.com\/it\/wp-json\/wp\/v2\/media\/663"}],"wp:attachment":[{"href":"https:\/\/www.urig-naturig.com\/it\/wp-json\/wp\/v2\/media?parent=858"}],"curies":[{"name":"wp","href":"https:\/\/api.w.org\/{rel}","templated":true}]}}